{"id":8992,"date":"2022-03-09T13:42:12","date_gmt":"2022-03-09T13:42:12","guid":{"rendered":"https:\/\/saferplacesnb.ca\/animateurs\/"},"modified":"2022-03-09T14:01:08","modified_gmt":"2022-03-09T14:01:08","slug":"animateurs","status":"publish","type":"page","link":"https:\/\/saferplacesnb.ca\/fr\/animateurs\/","title":{"rendered":"Animateurs"},"content":{"rendered":"\t\t<div data-elementor-type=\"wp-page\" data-elementor-id=\"8992\" class=\"elementor elementor-8992 elementor-8740\" data-elementor-post-type=\"page\">\n\t\t\t\t\t\t<section class=\"elementor-section elementor-top-section elementor-element elementor-element-25e148b0 elementor-section-height-min-height elementor-section-boxed elementor-section-height-default elementor-section-items-middle\" data-id=\"25e148b0\" data-element_type=\"section\" data-e-type=\"section\" data-settings=\"{&quot;background_background&quot;:&quot;gradient&quot;,&quot;shape_divider_bottom&quot;:&quot;waves&quot;}\">\n\t\t\t\t\t\t\t<div class=\"elementor-background-overlay\"><\/div>\n\t\t\t\t\t\t<div class=\"elementor-shape elementor-shape-bottom\" aria-hidden=\"true\" data-negative=\"false\">\n\t\t\t<svg xmlns=\"http:\/\/www.w3.org\/2000\/svg\" viewBox=\"0 0 1000 100\" preserveAspectRatio=\"none\">\n\t<path class=\"elementor-shape-fill\" d=\"M421.9,6.5c22.6-2.5,51.5,0.4,75.5,5.3c23.6,4.9,70.9,23.5,100.5,35.7c75.8,32.2,133.7,44.5,192.6,49.7\n\tc23.6,2.1,48.7,3.5,103.4-2.5c54.7-6,106.2-25.6,106.2-25.6V0H0v30.3c0,0,72,32.6,158.4,30.5c39.2-0.7,92.8-6.7,134-22.4\n\tc21.2-8.1,52.2-18.2,79.7-24.2C399.3,7.9,411.6,7.5,421.9,6.5z\"\/>\n<\/svg>\t\t<\/div>\n\t\t\t\t\t<div class=\"elementor-container elementor-column-gap-default\">\n\t\t\t\t\t<div class=\"elementor-column elementor-col-100 elementor-top-column elementor-element elementor-element-7e9d4587\" data-id=\"7e9d4587\" data-element_type=\"column\" data-e-type=\"column\">\n\t\t\t<div class=\"elementor-widget-wrap elementor-element-populated\">\n\t\t\t\t\t\t<div class=\"elementor-element elementor-element-6576c1ae elementor-widget elementor-widget-heading\" data-id=\"6576c1ae\" data-element_type=\"widget\" data-e-type=\"widget\" data-widget_type=\"heading.default\">\n\t\t\t\t<div class=\"elementor-widget-container\">\n\t\t\t\t\t<h1 class=\"elementor-heading-title elementor-size-default\">Animateurs<\/h1>\t\t\t\t<\/div>\n\t\t\t\t<\/div>\n\t\t\t\t\t<\/div>\n\t\t<\/div>\n\t\t\t\t\t<\/div>\n\t\t<\/section>\n\t\t\t\t<section class=\"elementor-section elementor-top-section elementor-element elementor-element-62696f28 elementor-section-height-min-height elementor-section-items-stretch elementor-section-content-middle elementor-section-boxed elementor-section-height-default\" data-id=\"62696f28\" data-element_type=\"section\" data-e-type=\"section\" id=\"services\" data-settings=\"{&quot;background_background&quot;:&quot;classic&quot;}\">\n\t\t\t\t\t\t<div class=\"elementor-container elementor-column-gap-no\">\n\t\t\t\t\t<div class=\"elementor-column elementor-col-100 elementor-top-column elementor-element elementor-element-30d135b6\" data-id=\"30d135b6\" data-element_type=\"column\" data-e-type=\"column\" data-settings=\"{&quot;background_background&quot;:&quot;classic&quot;}\">\n\t\t\t<div class=\"elementor-widget-wrap elementor-element-populated\">\n\t\t\t\t\t\t<div class=\"elementor-element elementor-element-0e7aff1 elementor-widget elementor-widget-spacer\" data-id=\"0e7aff1\" data-element_type=\"widget\" data-e-type=\"widget\" data-widget_type=\"spacer.default\">\n\t\t\t\t<div class=\"elementor-widget-container\">\n\t\t\t\t\t\t\t<div class=\"elementor-spacer\">\n\t\t\t<div class=\"elementor-spacer-inner\"><\/div>\n\t\t<\/div>\n\t\t\t\t\t\t<\/div>\n\t\t\t\t<\/div>\n\t\t\t\t<div class=\"elementor-element elementor-element-d6394b9 elementor-invisible elementor-widget elementor-widget-heading\" data-id=\"d6394b9\" data-element_type=\"widget\" data-e-type=\"widget\" data-settings=\"{&quot;_animation&quot;:&quot;fadeInUp&quot;,&quot;_animation_mobile&quot;:&quot;none&quot;}\" data-widget_type=\"heading.default\">\n\t\t\t\t<div class=\"elementor-widget-container\">\n\t\t\t\t\t<h2 class=\"elementor-heading-title elementor-size-default\">Offrir des ateliers sur le harc\u00e8lement sexuel au travail<\/h2>\t\t\t\t<\/div>\n\t\t\t\t<\/div>\n\t\t\t\t<section class=\"elementor-section elementor-inner-section elementor-element elementor-element-feffc88 elementor-section-full_width elementor-section-height-default elementor-section-height-default\" data-id=\"feffc88\" data-element_type=\"section\" data-e-type=\"section\">\n\t\t\t\t\t\t<div class=\"elementor-container elementor-column-gap-no\">\n\t\t\t\t\t<div class=\"elementor-column elementor-col-50 elementor-inner-column elementor-element elementor-element-1947a8bc animated-fast elementor-invisible\" data-id=\"1947a8bc\" data-element_type=\"column\" data-e-type=\"column\" data-settings=\"{&quot;animation&quot;:&quot;fadeIn&quot;,&quot;animation_delay&quot;:&quot;200&quot;,&quot;animation_mobile&quot;:&quot;none&quot;}\">\n\t\t\t<div class=\"elementor-widget-wrap elementor-element-populated\">\n\t\t\t\t\t\t<div class=\"elementor-element elementor-element-ebd39bf elementor-widget elementor-widget-image\" data-id=\"ebd39bf\" data-element_type=\"widget\" data-e-type=\"widget\" data-widget_type=\"image.default\">\n\t\t\t\t<div class=\"elementor-widget-container\">\n\t\t\t\t\t\t\t\t\t\t\t\t\t\t\t<img fetchpriority=\"high\" decoding=\"async\" width=\"600\" height=\"400\" src=\"https:\/\/saferplacesnb.ca\/wp-content\/uploads\/2022\/03\/webinars.jpg\" class=\"attachment-large size-large wp-image-8790\" alt=\"\" srcset=\"https:\/\/saferplacesnb.ca\/wp-content\/uploads\/2022\/03\/webinars.jpg 600w, https:\/\/saferplacesnb.ca\/wp-content\/uploads\/2022\/03\/webinars-300x200.jpg 300w\" sizes=\"(max-width: 600px) 100vw, 600px\" \/>\t\t\t\t\t\t\t\t\t\t\t\t\t\t\t<\/div>\n\t\t\t\t<\/div>\n\t\t\t\t<div class=\"elementor-element elementor-element-99ef5d1 elementor-widget elementor-widget-heading\" data-id=\"99ef5d1\" data-element_type=\"widget\" data-e-type=\"widget\" data-widget_type=\"heading.default\">\n\t\t\t\t<div class=\"elementor-widget-container\">\n\t\t\t\t\t<h2 class=\"elementor-heading-title elementor-size-default\">Animateurs<\/h2>\t\t\t\t<\/div>\n\t\t\t\t<\/div>\n\t\t\t\t<div class=\"elementor-element elementor-element-0b43a4e elementor-widget elementor-widget-text-editor\" data-id=\"0b43a4e\" data-element_type=\"widget\" data-e-type=\"widget\" data-widget_type=\"text-editor.default\">\n\t\t\t\t<div class=\"elementor-widget-container\">\n\t\t\t\t\t\t\t\t\t<p>Tous les animateurs d&#8217;ateliers de Placements s\u00e9curitaires NB re\u00e7oivent une formation et une supervision du SPEIJ-NB. Ils connaissent les lois applicables au Nouveau-Brunswick et suivent des strat\u00e9gies efficaces d&#8217;apprentissage des adultes.<\/p><p>Si vous souhaitez r\u00e9server un atelier en ligne anim\u00e9, renseignez-vous sur notre calendrier pour les employeurs et les employ\u00e9s. R\u00e9servez votre place en remplissant notre <u><a href=\"https:\/\/saferplacesnb.ca\/fr\/sinscrire\/\" target=\"_blank\" rel=\"noopener\">formulaire d&#8217;inscription<\/a><\/u>.<\/p><p>Si vous \u00eates un professionnel du Nouveau-Brunswick int\u00e9ress\u00e9 \u00e0 animer ces ateliers, nous aimerions avoir de vos nouvelles. Veuillez nous contacter \u00e0 <a href=\"mailto:info@saferplacesnb.ca\">info@saferplacesnb.ca<\/a>.<\/p>\t\t\t\t\t\t\t\t<\/div>\n\t\t\t\t<\/div>\n\t\t\t\t\t<\/div>\n\t\t<\/div>\n\t\t\t\t<div class=\"elementor-column elementor-col-50 elementor-inner-column elementor-element elementor-element-671c4e7f animated-fast elementor-invisible\" data-id=\"671c4e7f\" data-element_type=\"column\" data-e-type=\"column\" data-settings=\"{&quot;animation&quot;:&quot;fadeIn&quot;,&quot;animation_delay&quot;:&quot;600&quot;,&quot;animation_mobile&quot;:&quot;none&quot;}\">\n\t\t\t<div class=\"elementor-widget-wrap elementor-element-populated\">\n\t\t\t\t\t\t<div class=\"elementor-element elementor-element-47f0557 elementor-widget elementor-widget-heading\" data-id=\"47f0557\" data-element_type=\"widget\" data-e-type=\"widget\" data-widget_type=\"heading.default\">\n\t\t\t\t<div class=\"elementor-widget-container\">\n\t\t\t\t\t<h2 class=\"elementor-heading-title elementor-size-default\">Animateur d'atelier virtuel<\/h2>\t\t\t\t<\/div>\n\t\t\t\t<\/div>\n\t\t\t\t<div class=\"elementor-element elementor-element-3620441 elementor-widget elementor-widget-heading\" data-id=\"3620441\" data-element_type=\"widget\" data-e-type=\"widget\" data-widget_type=\"heading.default\">\n\t\t\t\t<div class=\"elementor-widget-container\">\n\t\t\t\t\t<h2 class=\"elementor-heading-title elementor-size-default\"> Nous recherchons des candidats enthousiastes pour se joindre \u00e0 notre \u00e9quipe!<\/h2>\t\t\t\t<\/div>\n\t\t\t\t<\/div>\n\t\t\t\t<div class=\"elementor-element elementor-element-6812c4d elementor-widget elementor-widget-text-editor\" data-id=\"6812c4d\" data-element_type=\"widget\" data-e-type=\"widget\" data-widget_type=\"text-editor.default\">\n\t\t\t\t<div class=\"elementor-widget-container\">\n\t\t\t\t\t\t\t\t\t<p><a href=\"https:\/\/saferplacesnb.ca\/fr\/\">Lieuxplussurs NB.ca<\/a> est un projet du <a href=\"http:\/\/www.legal-info-legale.nb.ca\" target=\"_blank\" rel=\"noopener\">SPEIJ-NB<\/a> et de la <a href=\"https:\/\/www2.gnb.ca\/content\/gnb\/en\/departments\/nbhrc.html\">Commission de la sant\u00e9 publique du Nouveau-Brunswick<\/a>, cr\u00e9\u00e9 pour aider les N\u00e9o-Brunswickois \u00e0 conna\u00eetre leurs droits et responsabilit\u00e9s juridiques en mati\u00e8re de harc\u00e8lement sexuel au travail. Il s&#8217;agit d&#8217;un poste occasionnel et contractuel.<\/p><p><strong>Les animateurs recevront :<\/strong><\/p><ul><li>un soutien administratif<\/li><li>une session de &#8220;formation des formateurs&#8221; de 3 heures<\/li><li>un mod\u00e9rateur pour chaque session<\/li><li>tout le contenu des ateliers<\/li><li>Salaire horaire \u00e0 d\u00e9terminer pour la formation et les sessions<\/li><\/ul><p><strong>Principales responsabilit\u00e9s<\/strong><\/p><ul><li>Pr\u00e9senter le mat\u00e9riel des ateliers aux organisations externes selon le calendrier convenu et la demande d&#8217;ateliers.<ul><li><a href=\"https:\/\/training.saferplacesnb.ca\/courses\/safer-places-addressing-workplace-sexual-harassment-employee-training?_ga=2.38528803.1221949363.1645883468-1227072145.1644502352\">Atelier pour les employ\u00e9s : 1,5 heures<\/a><\/li><li><a href=\"https:\/\/training.saferplacesnb.ca\/courses\/safer-places-addressing-workplace-sexual-harassment-employer-training?_ga=2.38528803.1221949363.1645883468-1227072145.1644502352\">Atelier pour les employeurs : 3 heures <\/a> <\/li><\/ul><\/li><\/ul><p><strong>Qualifications<\/strong><\/p><ul><li>Comp\u00e9tence orale en anglais et\/ou en fran\u00e7ais<\/li><li>Avoir une compr\u00e9hension des termes juridiques et des lois du Nouveau-Brunswick<\/li><li>\u00c9tudes postsecondaires en droit, en droits de la personne, en \u00e9ducation sdes adultes ou en psychologie.<\/li><li>Comp\u00e9tences sup\u00e9rieures en communication, en pr\u00e9sentation et en animation de groupe<\/li><\/ul><p><strong>Pour postuler<\/strong><\/p><p>Les candidats peuvent soumettre un curriculum vitae et une lettre de pr\u00e9sentation par courriel \u00e0 <a href=\"mailto:Amber.Chisholm@gnb.ca\">Amber.Chisholm@gnb.ca<\/a> au SPEIJ-NB. Les candidats doivent \u00eatre autoris\u00e9s \u00e0 travailler au Canada. Nous remercions tous les candidats ; toutefois, seules les personnes pr\u00e9s\u00e9lectionn\u00e9es seront contact\u00e9es pour un entretien.<\/p>\t\t\t\t\t\t\t\t<\/div>\n\t\t\t\t<\/div>\n\t\t\t\t\t<\/div>\n\t\t<\/div>\n\t\t\t\t\t<\/div>\n\t\t<\/section>\n\t\t\t\t<div class=\"elementor-element elementor-element-ffffd64 elementor-widget elementor-widget-spacer\" data-id=\"ffffd64\" data-element_type=\"widget\" data-e-type=\"widget\" data-widget_type=\"spacer.default\">\n\t\t\t\t<div class=\"elementor-widget-container\">\n\t\t\t\t\t\t\t<div class=\"elementor-spacer\">\n\t\t\t<div class=\"elementor-spacer-inner\"><\/div>\n\t\t<\/div>\n\t\t\t\t\t\t<\/div>\n\t\t\t\t<\/div>\n\t\t\t\t\t<\/div>\n\t\t<\/div>\n\t\t\t\t\t<\/div>\n\t\t<\/section>\n\t\t\t\t<section class=\"elementor-section elementor-top-section elementor-element elementor-element-5f3dbf06 elementor-section-height-min-height elementor-section-content-middle elementor-section-boxed elementor-section-height-default elementor-section-items-middle\" data-id=\"5f3dbf06\" data-element_type=\"section\" data-e-type=\"section\" data-settings=\"{&quot;background_background&quot;:&quot;classic&quot;}\">\n\t\t\t\t\t\t\t<div class=\"elementor-background-overlay\"><\/div>\n\t\t\t\t\t\t\t<div class=\"elementor-container elementor-column-gap-no\">\n\t\t\t\t\t<div class=\"elementor-column elementor-col-100 elementor-top-column elementor-element elementor-element-4cf192f\" data-id=\"4cf192f\" data-element_type=\"column\" data-e-type=\"column\">\n\t\t\t<div class=\"elementor-widget-wrap elementor-element-populated\">\n\t\t\t\t\t\t<div class=\"elementor-element elementor-element-4a10cdc9 elementor-widget elementor-widget-heading\" data-id=\"4a10cdc9\" data-element_type=\"widget\" data-e-type=\"widget\" data-widget_type=\"heading.default\">\n\t\t\t\t<div class=\"elementor-widget-container\">\n\t\t\t\t\t<h2 class=\"elementor-heading-title elementor-size-default\">DES QUESTIONS?<\/h2>\t\t\t\t<\/div>\n\t\t\t\t<\/div>\n\t\t\t\t<div class=\"elementor-element elementor-element-4920026e elementor-widget elementor-widget-text-editor\" data-id=\"4920026e\" data-element_type=\"widget\" data-e-type=\"widget\" data-widget_type=\"text-editor.default\">\n\t\t\t\t<div class=\"elementor-widget-container\">\n\t\t\t\t\t\t\t\t\t<p>N&#8217;h\u00e9sitez pas \u00e0 nous contacter et notre \u00e9quipe r\u00e9pondra \u00e0 toutes vos questions.<\/p>\t\t\t\t\t\t\t\t<\/div>\n\t\t\t\t<\/div>\n\t\t\t\t\t<\/div>\n\t\t<\/div>\n\t\t\t\t\t<\/div>\n\t\t<\/section>\n\t\t\t\t<\/div>\n\t\t","protected":false},"excerpt":{"rendered":"<p>Animateurs Offrir des ateliers sur le harc\u00e8lement sexuel au travail Animateurs Tous les animateurs d&#8217;ateliers de Placements s\u00e9curitaires NB re\u00e7oivent une formation et une supervision du SPEIJ-NB. Ils connaissent les lois applicables au Nouveau-Brunswick et suivent des strat\u00e9gies efficaces d&#8217;apprentissage des adultes. Si vous souhaitez r\u00e9server un atelier en ligne anim\u00e9, renseignez-vous sur notre calendrier [&hellip;]<\/p>\n","protected":false},"author":7,"featured_media":0,"parent":0,"menu_order":0,"comment_status":"closed","ping_status":"closed","template":"elementor_header_footer","meta":{"footnotes":""},"class_list":["post-8992","page","type-page","status-publish","hentry"],"aioseo_notices":[],"_links":{"self":[{"href":"https:\/\/saferplacesnb.ca\/fr\/wp-json\/wp\/v2\/pages\/8992","targetHints":{"allow":["GET"]}}],"collection":[{"href":"https:\/\/saferplacesnb.ca\/fr\/wp-json\/wp\/v2\/pages"}],"about":[{"href":"https:\/\/saferplacesnb.ca\/fr\/wp-json\/wp\/v2\/types\/page"}],"author":[{"embeddable":true,"href":"https:\/\/saferplacesnb.ca\/fr\/wp-json\/wp\/v2\/users\/7"}],"replies":[{"embeddable":true,"href":"https:\/\/saferplacesnb.ca\/fr\/wp-json\/wp\/v2\/comments?post=8992"}],"version-history":[{"count":8,"href":"https:\/\/saferplacesnb.ca\/fr\/wp-json\/wp\/v2\/pages\/8992\/revisions"}],"predecessor-version":[{"id":9003,"href":"https:\/\/saferplacesnb.ca\/fr\/wp-json\/wp\/v2\/pages\/8992\/revisions\/9003"}],"wp:attachment":[{"href":"https:\/\/saferplacesnb.ca\/fr\/wp-json\/wp\/v2\/media?parent=8992"}],"curies":[{"name":"wp","href":"https:\/\/api.w.org\/{rel}","templated":true}]}}