{"id":18827,"date":"2024-02-26T14:48:28","date_gmt":"2024-02-26T14:48:28","guid":{"rendered":"https:\/\/saferplacesnb.ca\/le-programme-de-conseil-juridique-independant-et-plus\/"},"modified":"2024-03-15T12:18:59","modified_gmt":"2024-03-15T12:18:59","slug":"le-programme-de-conseil-juridique-independant-et-plus","status":"publish","type":"page","link":"https:\/\/saferplacesnb.ca\/fr\/le-programme-de-conseil-juridique-independant-et-plus\/","title":{"rendered":"Le Programme de Conseil juridique ind\u00e9pendant et plus"},"content":{"rendered":"\t\t<div data-elementor-type=\"wp-page\" data-elementor-id=\"18827\" class=\"elementor elementor-18827 elementor-18726\" data-elementor-post-type=\"page\">\n\t\t\t\t\t\t<section class=\"elementor-section elementor-top-section elementor-element elementor-element-25e148b0 elementor-section-height-min-height elementor-section-boxed elementor-section-height-default elementor-section-items-middle\" data-id=\"25e148b0\" data-element_type=\"section\" data-e-type=\"section\" data-settings=\"{&quot;background_background&quot;:&quot;gradient&quot;,&quot;shape_divider_bottom&quot;:&quot;waves&quot;}\">\n\t\t\t\t\t\t\t<div class=\"elementor-background-overlay\"><\/div>\n\t\t\t\t\t\t<div class=\"elementor-shape elementor-shape-bottom\" aria-hidden=\"true\" data-negative=\"false\">\n\t\t\t<svg xmlns=\"http:\/\/www.w3.org\/2000\/svg\" viewBox=\"0 0 1000 100\" preserveAspectRatio=\"none\">\n\t<path class=\"elementor-shape-fill\" d=\"M421.9,6.5c22.6-2.5,51.5,0.4,75.5,5.3c23.6,4.9,70.9,23.5,100.5,35.7c75.8,32.2,133.7,44.5,192.6,49.7\n\tc23.6,2.1,48.7,3.5,103.4-2.5c54.7-6,106.2-25.6,106.2-25.6V0H0v30.3c0,0,72,32.6,158.4,30.5c39.2-0.7,92.8-6.7,134-22.4\n\tc21.2-8.1,52.2-18.2,79.7-24.2C399.3,7.9,411.6,7.5,421.9,6.5z\"\/>\n<\/svg>\t\t<\/div>\n\t\t\t\t\t<div class=\"elementor-container elementor-column-gap-default\">\n\t\t\t\t\t<div class=\"elementor-column elementor-col-100 elementor-top-column elementor-element elementor-element-7e9d4587\" data-id=\"7e9d4587\" data-element_type=\"column\" data-e-type=\"column\">\n\t\t\t<div class=\"elementor-widget-wrap elementor-element-populated\">\n\t\t\t\t\t\t<div class=\"elementor-element elementor-element-6576c1ae elementor-widget elementor-widget-heading\" data-id=\"6576c1ae\" data-element_type=\"widget\" data-e-type=\"widget\" data-widget_type=\"heading.default\">\n\t\t\t\t<div class=\"elementor-widget-container\">\n\t\t\t\t\t<h1 class=\"elementor-heading-title elementor-size-default\">Le Programme de Conseil juridique ind\u00e9pendant et plus <\/h1>\t\t\t\t<\/div>\n\t\t\t\t<\/div>\n\t\t\t\t\t<\/div>\n\t\t<\/div>\n\t\t\t\t\t<\/div>\n\t\t<\/section>\n\t\t\t\t<section class=\"elementor-section elementor-top-section elementor-element elementor-element-62696f28 elementor-section-height-min-height elementor-section-items-stretch elementor-section-content-middle elementor-section-boxed elementor-section-height-default\" data-id=\"62696f28\" data-element_type=\"section\" data-e-type=\"section\" id=\"services\" data-settings=\"{&quot;background_background&quot;:&quot;classic&quot;}\">\n\t\t\t\t\t\t<div class=\"elementor-container elementor-column-gap-no\">\n\t\t\t\t\t<div class=\"elementor-column elementor-col-100 elementor-top-column elementor-element elementor-element-30d135b6\" data-id=\"30d135b6\" data-element_type=\"column\" data-e-type=\"column\" data-settings=\"{&quot;background_background&quot;:&quot;classic&quot;}\">\n\t\t\t<div class=\"elementor-widget-wrap elementor-element-populated\">\n\t\t\t\t\t\t<div class=\"elementor-element elementor-element-0e7aff1 elementor-widget elementor-widget-spacer\" data-id=\"0e7aff1\" data-element_type=\"widget\" data-e-type=\"widget\" data-widget_type=\"spacer.default\">\n\t\t\t\t<div class=\"elementor-widget-container\">\n\t\t\t\t\t\t\t<div class=\"elementor-spacer\">\n\t\t\t<div class=\"elementor-spacer-inner\"><\/div>\n\t\t<\/div>\n\t\t\t\t\t\t<\/div>\n\t\t\t\t<\/div>\n\t\t\t\t<div class=\"elementor-element elementor-element-d6394b9 elementor-invisible elementor-widget elementor-widget-heading\" data-id=\"d6394b9\" data-element_type=\"widget\" data-e-type=\"widget\" data-settings=\"{&quot;_animation&quot;:&quot;fadeInUp&quot;,&quot;_animation_mobile&quot;:&quot;none&quot;}\" data-widget_type=\"heading.default\">\n\t\t\t\t<div class=\"elementor-widget-container\">\n\t\t\t\t\t<h2 class=\"elementor-heading-title elementor-size-default\">Si vous avez subi du harc\u00e8lement sexuel au travail, cela va \u00e0 l\u2019encontre de la loi du Nouveau-Brunswick.\n\n<\/h2>\t\t\t\t<\/div>\n\t\t\t\t<\/div>\n\t\t\t\t<div class=\"elementor-element elementor-element-7df5156 elementor-widget elementor-widget-text-editor\" data-id=\"7df5156\" data-element_type=\"widget\" data-e-type=\"widget\" data-widget_type=\"text-editor.default\">\n\t\t\t\t<div class=\"elementor-widget-container\">\n\t\t\t\t\t\t\t\t\t<p style=\"font-weight: 400;\">Il est parfois difficile de signaler un harc\u00e8lement sexuel au travail, mais il existe des ressources dont vous pouvez vous servir.<\/p>\n\t\t\t\t\t\t\t\t<\/div>\n\t\t\t\t<\/div>\n\t\t\t\t<div class=\"elementor-element elementor-element-e7916d1 elementor-widget elementor-widget-spacer\" data-id=\"e7916d1\" data-element_type=\"widget\" data-e-type=\"widget\" data-widget_type=\"spacer.default\">\n\t\t\t\t<div class=\"elementor-widget-container\">\n\t\t\t\t\t\t\t<div class=\"elementor-spacer\">\n\t\t\t<div class=\"elementor-spacer-inner\"><\/div>\n\t\t<\/div>\n\t\t\t\t\t\t<\/div>\n\t\t\t\t<\/div>\n\t\t\t\t<section class=\"elementor-section elementor-inner-section elementor-element elementor-element-feffc88 elementor-section-full_width elementor-section-height-default elementor-section-height-default\" data-id=\"feffc88\" data-element_type=\"section\" data-e-type=\"section\">\n\t\t\t\t\t\t<div class=\"elementor-container elementor-column-gap-no\">\n\t\t\t\t\t<div class=\"elementor-column elementor-col-50 elementor-inner-column elementor-element elementor-element-1947a8bc animated-fast elementor-invisible\" data-id=\"1947a8bc\" data-element_type=\"column\" data-e-type=\"column\" data-settings=\"{&quot;animation&quot;:&quot;fadeIn&quot;,&quot;animation_delay&quot;:&quot;200&quot;,&quot;animation_mobile&quot;:&quot;none&quot;}\">\n\t\t\t<div class=\"elementor-widget-wrap elementor-element-populated\">\n\t\t\t\t\t\t<div class=\"elementor-element elementor-element-99ef5d1 elementor-widget elementor-widget-heading\" data-id=\"99ef5d1\" data-element_type=\"widget\" data-e-type=\"widget\" data-widget_type=\"heading.default\">\n\t\t\t\t<div class=\"elementor-widget-container\">\n\t\t\t\t\t<h2 class=\"elementor-heading-title elementor-size-default\">Le Programme de Conseil juridique ind\u00e9pendant et plus (CJI +) de VSNB <\/h2>\t\t\t\t<\/div>\n\t\t\t\t<\/div>\n\t\t\t\t<div class=\"elementor-element elementor-element-6669f7a elementor-widget__width-initial elementor-widget-mobile__width-initial elementor-widget elementor-widget-text-editor\" data-id=\"6669f7a\" data-element_type=\"widget\" data-e-type=\"widget\" data-widget_type=\"text-editor.default\">\n\t\t\t\t<div class=\"elementor-widget-container\">\n\t\t\t\t\t\t\t\t\t<p style=\"font-weight: 400;\">Le Programme CJI+ a \u00e9t\u00e9 cr\u00e9\u00e9 par Violence sexuelle Nouveau-Brunswick pour permettre aux victimes de violence sexuelle de Fredericton, de Moncton et de Saint John de faire des choix \u00e9clair\u00e9s. Ce programme sert \u00e0 refl\u00e9ter l\u2019importance d\u2019une aide juridique accessible durant les p\u00e9riodes difficiles.<\/p><p style=\"font-weight: 400;\">Si vous avez subi de la violence sexuelle au Nouveau-Brunswick, vous pourriez avoir droit \u00e0 un maximum de non moins de quatre heures de conseils juridiques gratuites dans le cadre de ce programme. Les membres d\u00e9vou\u00e9s de l\u2019\u00e9quipe d\u2019avocats et de d\u00e9fenseurs de VSNB peuvent vous aider lors d\u2019une consultation initiale : ils examineront soigneusement votre situation, discuteront des options \u00e0 votre disposition et donneront des renseignements concernant des r\u00e9sultats potentiels.<\/p><p style=\"font-weight: 400;\">En sus de l\u2019orientation juridique, les victimes participant au programme b\u00e9n\u00e9ficieront de l\u2019aide inestimable d\u2019un d\u00e9fenseur. Cet avocat est \u00e9quip\u00e9 pour vous aider \u00e0 naviguer le syst\u00e8me juridique en vous offrant des directives et de l\u2019aide tout au long du processus.<\/p><p style=\"font-weight: 400;\">Vous n\u2019avez pas \u00e0 faire face \u00e0 ce p\u00e9riple seul. Violence sexuelle Nouveau-Brunswick habilite les victimes en leur offrant de l\u2019information et de l\u2019aide. Vous pouvez consulter vous-m\u00eame le Programme de Conseil juridique ind\u00e9pendant et faire le premier pas en direction de l\u2019habilitation et de la justice.<\/p><p style=\"font-weight: 400;\">Auto-aiguill\u00e9 par :<\/p><ul><li>\u00a0T\u00e9l\u00e9phone : 506-454-0460, ou<\/li><li>Courriel : <a href=\"mailto:ILA@SVNB.ca\">ILA@SVNB.ca<\/a><\/li><\/ul>\t\t\t\t\t\t\t\t<\/div>\n\t\t\t\t<\/div>\n\t\t\t\t<div class=\"elementor-element elementor-element-a2acdab elementor-widget elementor-widget-image\" data-id=\"a2acdab\" data-element_type=\"widget\" data-e-type=\"widget\" data-widget_type=\"image.default\">\n\t\t\t\t<div class=\"elementor-widget-container\">\n\t\t\t\t\t\t\t\t\t\t\t\t\t\t\t<img fetchpriority=\"high\" decoding=\"async\" width=\"1024\" height=\"257\" src=\"https:\/\/saferplacesnb.ca\/wp-content\/uploads\/sexualviolenceNBlogo-1024x257.png\" class=\"attachment-large size-large wp-image-18740\" alt=\"\" srcset=\"https:\/\/saferplacesnb.ca\/wp-content\/uploads\/sexualviolenceNBlogo-1024x257.png 1024w, https:\/\/saferplacesnb.ca\/wp-content\/uploads\/sexualviolenceNBlogo-300x75.png 300w, https:\/\/saferplacesnb.ca\/wp-content\/uploads\/sexualviolenceNBlogo-768x193.png 768w, https:\/\/saferplacesnb.ca\/wp-content\/uploads\/sexualviolenceNBlogo.png 1200w\" sizes=\"(max-width: 1024px) 100vw, 1024px\" \/>\t\t\t\t\t\t\t\t\t\t\t\t\t\t\t<\/div>\n\t\t\t\t<\/div>\n\t\t\t\t<div class=\"elementor-element elementor-element-62be712 elementor-widget elementor-widget-spacer\" data-id=\"62be712\" data-element_type=\"widget\" data-e-type=\"widget\" data-widget_type=\"spacer.default\">\n\t\t\t\t<div class=\"elementor-widget-container\">\n\t\t\t\t\t\t\t<div class=\"elementor-spacer\">\n\t\t\t<div class=\"elementor-spacer-inner\"><\/div>\n\t\t<\/div>\n\t\t\t\t\t\t<\/div>\n\t\t\t\t<\/div>\n\t\t\t\t\t<\/div>\n\t\t<\/div>\n\t\t\t\t<div class=\"elementor-column elementor-col-50 elementor-inner-column elementor-element elementor-element-671c4e7f animated-fast elementor-invisible\" data-id=\"671c4e7f\" data-element_type=\"column\" data-e-type=\"column\" data-settings=\"{&quot;animation&quot;:&quot;fadeIn&quot;,&quot;animation_delay&quot;:&quot;600&quot;,&quot;animation_mobile&quot;:&quot;none&quot;}\">\n\t\t\t<div class=\"elementor-widget-wrap elementor-element-populated\">\n\t\t\t\t\t\t<div class=\"elementor-element elementor-element-3620441 elementor-widget elementor-widget-heading\" data-id=\"3620441\" data-element_type=\"widget\" data-e-type=\"widget\" data-widget_type=\"heading.default\">\n\t\t\t\t<div class=\"elementor-widget-container\">\n\t\t\t\t\t<h2 class=\"elementor-heading-title elementor-size-default\">Ligne d\u2019information juridique du Service public d'\u00e9ducation et d'information juridiques du Nouveau\u2011Brunswick (SPEIJ-NB)<\/h2>\t\t\t\t<\/div>\n\t\t\t\t<\/div>\n\t\t\t\t<div class=\"elementor-element elementor-element-6812c4d elementor-widget elementor-widget-text-editor\" data-id=\"6812c4d\" data-element_type=\"widget\" data-e-type=\"widget\" data-widget_type=\"text-editor.default\">\n\t\t\t\t<div class=\"elementor-widget-container\">\n\t\t\t\t\t\t\t\t\t<p style=\"font-weight: 400;\">Vous pouvez communiquer avec le SPEIJ-NB pour obtenir de l\u2019information aupr\u00e8s de notre personnel concernant le projet Lieux plus s\u00fbrs, et la loi sur le harc\u00e8lement sexuel en g\u00e9n\u00e9ral. Le SPEIJ-NB ne peut pas donner de conseil juridique, mais nous pouvons vous expliquer certaines de vos options juridiques et vous donner de l\u2019information g\u00e9n\u00e9rale sur la loi ainsi que davantage de renseignements sur ce qui se passe lorsqu\u2019on rencontre un avocat.<\/p>\n<p style=\"font-weight: 400;\">Pour communiquer avec le SPEIJ-NB :<\/p>\n<ul>\n<li style=\"font-weight: 400;\">T\u00e9l\u00e9phone : 1-888-236-2444<\/li>\n<li style=\"font-weight: 400;\">Courriel : <a href=\"mailto:info@saferplacesnb.ca\" target=\"_blank\" rel=\"noopener\"> info@saferplacesnb.ca<\/a><\/li>\n<\/ul>\n\t\t\t\t\t\t\t\t<\/div>\n\t\t\t\t<\/div>\n\t\t\t\t<div class=\"elementor-element elementor-element-8ba3a97 elementor-widget elementor-widget-image\" data-id=\"8ba3a97\" data-element_type=\"widget\" data-e-type=\"widget\" data-widget_type=\"image.default\">\n\t\t\t\t<div class=\"elementor-widget-container\">\n\t\t\t\t\t\t\t\t\t\t\t\t\t\t\t<img decoding=\"async\" width=\"1000\" height=\"170\" src=\"https:\/\/saferplacesnb.ca\/wp-content\/uploads\/PLEIS-Logo-bilingual-.png\" class=\"attachment-large size-large wp-image-18801\" alt=\"\" srcset=\"https:\/\/saferplacesnb.ca\/wp-content\/uploads\/PLEIS-Logo-bilingual-.png 1000w, https:\/\/saferplacesnb.ca\/wp-content\/uploads\/PLEIS-Logo-bilingual--300x51.png 300w, https:\/\/saferplacesnb.ca\/wp-content\/uploads\/PLEIS-Logo-bilingual--768x131.png 768w\" sizes=\"(max-width: 1000px) 100vw, 1000px\" \/>\t\t\t\t\t\t\t\t\t\t\t\t\t\t\t<\/div>\n\t\t\t\t<\/div>\n\t\t\t\t\t<\/div>\n\t\t<\/div>\n\t\t\t\t\t<\/div>\n\t\t<\/section>\n\t\t\t\t<div class=\"elementor-element elementor-element-ffffd64 elementor-widget elementor-widget-spacer\" data-id=\"ffffd64\" data-element_type=\"widget\" data-e-type=\"widget\" data-widget_type=\"spacer.default\">\n\t\t\t\t<div class=\"elementor-widget-container\">\n\t\t\t\t\t\t\t<div class=\"elementor-spacer\">\n\t\t\t<div class=\"elementor-spacer-inner\"><\/div>\n\t\t<\/div>\n\t\t\t\t\t\t<\/div>\n\t\t\t\t<\/div>\n\t\t\t\t\t<\/div>\n\t\t<\/div>\n\t\t\t\t\t<\/div>\n\t\t<\/section>\n\t\t\t\t<section class=\"elementor-section elementor-top-section elementor-element elementor-element-5f3dbf06 elementor-section-height-min-height elementor-section-content-middle elementor-section-boxed elementor-section-height-default elementor-section-items-middle\" data-id=\"5f3dbf06\" data-element_type=\"section\" data-e-type=\"section\" data-settings=\"{&quot;background_background&quot;:&quot;classic&quot;}\">\n\t\t\t\t\t\t\t<div class=\"elementor-background-overlay\"><\/div>\n\t\t\t\t\t\t\t<div class=\"elementor-container elementor-column-gap-no\">\n\t\t\t\t\t<div class=\"elementor-column elementor-col-100 elementor-top-column elementor-element elementor-element-4cf192f\" data-id=\"4cf192f\" data-element_type=\"column\" data-e-type=\"column\">\n\t\t\t<div class=\"elementor-widget-wrap elementor-element-populated\">\n\t\t\t\t\t\t<div class=\"elementor-element elementor-element-19af554 elementor-widget elementor-widget-image\" data-id=\"19af554\" data-element_type=\"widget\" data-e-type=\"widget\" data-widget_type=\"image.default\">\n\t\t\t\t<div class=\"elementor-widget-container\">\n\t\t\t\t\t\t\t\t\t\t\t\t\t\t\t<img fetchpriority=\"high\" decoding=\"async\" width=\"1024\" height=\"257\" src=\"https:\/\/saferplacesnb.ca\/wp-content\/uploads\/sexualviolenceNBlogo-1024x257.png\" class=\"attachment-large size-large wp-image-18740\" alt=\"\" srcset=\"https:\/\/saferplacesnb.ca\/wp-content\/uploads\/sexualviolenceNBlogo-1024x257.png 1024w, https:\/\/saferplacesnb.ca\/wp-content\/uploads\/sexualviolenceNBlogo-300x75.png 300w, https:\/\/saferplacesnb.ca\/wp-content\/uploads\/sexualviolenceNBlogo-768x193.png 768w, https:\/\/saferplacesnb.ca\/wp-content\/uploads\/sexualviolenceNBlogo.png 1200w\" sizes=\"(max-width: 1024px) 100vw, 1024px\" \/>\t\t\t\t\t\t\t\t\t\t\t\t\t\t\t<\/div>\n\t\t\t\t<\/div>\n\t\t\t\t<div class=\"elementor-element elementor-element-743e56da elementor-align-center elementor-widget elementor-widget-button\" data-id=\"743e56da\" data-element_type=\"widget\" data-e-type=\"widget\" data-widget_type=\"button.default\">\n\t\t\t\t<div class=\"elementor-widget-container\">\n\t\t\t\t\t\t\t\t\t<div class=\"elementor-button-wrapper\">\n\t\t\t\t\t<a class=\"elementor-button elementor-button-link elementor-size-lg\" href=\"https:\/\/svnb.ca\/fr\/\" target=\"_blank\">\n\t\t\t\t\t\t<span class=\"elementor-button-content-wrapper\">\n\t\t\t\t\t\t\t\t\t<span class=\"elementor-button-text\">Apprendre encore plus<\/span>\n\t\t\t\t\t<\/span>\n\t\t\t\t\t<\/a>\n\t\t\t\t<\/div>\n\t\t\t\t\t\t\t\t<\/div>\n\t\t\t\t<\/div>\n\t\t\t\t\t<\/div>\n\t\t<\/div>\n\t\t\t\t\t<\/div>\n\t\t<\/section>\n\t\t\t\t<\/div>\n\t\t","protected":false},"excerpt":{"rendered":"<p>Le Programme de Conseil juridique ind\u00e9pendant et plus Si vous avez subi du harc\u00e8lement sexuel au travail, cela va \u00e0 l\u2019encontre de la loi du Nouveau-Brunswick. Il est parfois difficile de signaler un harc\u00e8lement sexuel au travail, mais il existe des ressources dont vous pouvez vous servir. Le Programme de Conseil juridique ind\u00e9pendant et plus [&hellip;]<\/p>\n","protected":false},"author":7,"featured_media":0,"parent":0,"menu_order":0,"comment_status":"closed","ping_status":"closed","template":"elementor_header_footer","meta":{"footnotes":""},"class_list":["post-18827","page","type-page","status-publish","hentry"],"aioseo_notices":[],"_links":{"self":[{"href":"https:\/\/saferplacesnb.ca\/fr\/wp-json\/wp\/v2\/pages\/18827","targetHints":{"allow":["GET"]}}],"collection":[{"href":"https:\/\/saferplacesnb.ca\/fr\/wp-json\/wp\/v2\/pages"}],"about":[{"href":"https:\/\/saferplacesnb.ca\/fr\/wp-json\/wp\/v2\/types\/page"}],"author":[{"embeddable":true,"href":"https:\/\/saferplacesnb.ca\/fr\/wp-json\/wp\/v2\/users\/7"}],"replies":[{"embeddable":true,"href":"https:\/\/saferplacesnb.ca\/fr\/wp-json\/wp\/v2\/comments?post=18827"}],"version-history":[{"count":16,"href":"https:\/\/saferplacesnb.ca\/fr\/wp-json\/wp\/v2\/pages\/18827\/revisions"}],"predecessor-version":[{"id":19349,"href":"https:\/\/saferplacesnb.ca\/fr\/wp-json\/wp\/v2\/pages\/18827\/revisions\/19349"}],"wp:attachment":[{"href":"https:\/\/saferplacesnb.ca\/fr\/wp-json\/wp\/v2\/media?parent=18827"}],"curies":[{"name":"wp","href":"https:\/\/api.w.org\/{rel}","templated":true}]}}